{"id":1169,"date":"2020-11-30T13:47:49","date_gmt":"2020-11-30T13:47:49","guid":{"rendered":"https:\/\/deltarelax.com\/politica-de-privacitat\/"},"modified":"2025-06-17T07:02:00","modified_gmt":"2025-06-17T07:02:00","slug":"politica-de-privacitat","status":"publish","type":"page","link":"https:\/\/deltarelax.com\/ca\/politica-de-privacitat\/","title":{"rendered":"Pol\u00edtica de Privacitat"},"content":{"rendered":"\t\t<div data-elementor-type=\"wp-page\" data-elementor-id=\"1169\" class=\"elementor elementor-1169 elementor-474\" data-elementor-post-type=\"page\">\n\t\t\t\t\t\t<section class=\"elementor-section elementor-top-section elementor-element elementor-element-5ba43e4 elementor-section-boxed elementor-section-height-default elementor-section-height-default\" data-id=\"5ba43e4\" data-element_type=\"section\" data-e-type=\"section\">\n\t\t\t\t\t\t<div class=\"elementor-container elementor-column-gap-default\">\n\t\t\t\t\t<div class=\"elementor-column elementor-col-100 elementor-top-column elementor-element elementor-element-d119f34\" data-id=\"d119f34\" data-element_type=\"column\" data-e-type=\"column\">\n\t\t\t<div class=\"elementor-widget-wrap elementor-element-populated\">\n\t\t\t\t\t\t<div class=\"elementor-element elementor-element-b6c7b6f elementor-widget elementor-widget-heading\" data-id=\"b6c7b6f\" data-element_type=\"widget\" data-e-type=\"widget\" data-widget_type=\"heading.default\">\n\t\t\t\t<div class=\"elementor-widget-container\">\n\t\t\t\t\t<h1 class=\"elementor-heading-title elementor-size-default\">Condicions i Pol\u00edtica de Privacitat<\/h1>\t\t\t\t<\/div>\n\t\t\t\t<\/div>\n\t\t\t\t<div class=\"elementor-element elementor-element-418cbd4 elementor-widget elementor-widget-text-editor\" data-id=\"418cbd4\" data-element_type=\"widget\" data-e-type=\"widget\" data-widget_type=\"text-editor.default\">\n\t\t\t\t<div class=\"elementor-widget-container\">\n\t\t\t\t\t\t\t\t\t<p>L \u201cobjectiu de la Pol\u00edtica de Privacitat \u00e9s protegir la informaci\u00f3 a Internet i les dades que l\u201d usuari pugui introduir al web. JOSE JAVIER CASTELLS VENTURA, amb DNI 40929568-X, com a responsable del present lloc web <a class=\"\" href=\"http:\/\/www.deltarelax.com\" target=\"_new\" rel=\"noopener\" data-start=\"314\" data-end=\"332\">www.deltarelax.com<\/a>, ha adaptat el mateix a les exig\u00e8ncies de la normativa vigent en mat\u00e8ria de protecci\u00f3 de dades i de la societat de la informaci\u00f3 i el comer\u00e7 electr\u00f2nic. <\/p><h3 data-start=\"500\" data-end=\"552\"><strong data-start=\"504\" data-end=\"552\">Informaci\u00f3 B\u00e0sica sobre Protecci\u00f3 de Dades<\/strong><\/h3><p data-start=\"554\" data-end=\"750\"><strong data-start=\"554\" data-end=\"570\">Responsable:<\/strong> JOSE JAVIER CASTELLS VENTURA, amb DNI 40929568-X<br data-start=\"619\" data-end=\"622\"><strong data-start=\"622\" data-end=\"643\">Domicili Fiscal:<\/strong> C\/HABANA, N\u00ba26, 43580 DELTEBRE (TARRAGONA)<br data-start=\"686\" data-end=\"689\"><strong data-start=\"689\" data-end=\"699\">Email:<\/strong> <a class=\"cursor-pointer\" rel=\"noopener\" data-start=\"700\" data-end=\"748\">protecciondedatos@alquilerviviendavacacional.com<\/a><\/p><h3 data-start=\"757\" data-end=\"777\"><strong data-start=\"761\" data-end=\"777\">Tractament:<\/strong><\/h3><ul data-start=\"779\" data-end=\"964\"><li data-start=\"779\" data-end=\"863\"><p data-start=\"781\" data-end=\"863\">Clients (persones amb les quals es mant\u00e9 una relaci\u00f3 comercial com a clients)<\/p><\/li><li data-start=\"864\" data-end=\"964\"><p data-start=\"866\" data-end=\"964\">Potencials clients (persones amb les quals es busca mantenir una relaci\u00f3 comercial com a clients)<\/p><\/li><\/ul><h3 data-start=\"971\" data-end=\"989\"><strong data-start=\"975\" data-end=\"989\">Finalitat:<\/strong><\/h3><ul data-start=\"991\" data-end=\"1090\"><li data-start=\"991\" data-end=\"1034\"><p data-start=\"993\" data-end=\"1034\">Gesti\u00f3 de la relaci\u00f3 amb els clients<\/p><\/li><li data-start=\"1035\" data-end=\"1090\"><p data-start=\"1037\" data-end=\"1090\">Gesti\u00f3 de la relaci\u00f3 amb els potencials clients<\/p><\/li><\/ul><p><strong data-start=\"1101\" data-end=\"1118\">Legitimaci\u00f3:<\/strong> El consentiment<\/p><h3 data-start=\"1145\" data-end=\"1184\"><strong data-start=\"1149\" data-end=\"1184\">Categories de dades personals:<\/strong><\/h3><ul data-start=\"1186\" data-end=\"1614\"><li data-start=\"1186\" data-end=\"1363\"><p data-start=\"1188\" data-end=\"1363\">Els necessaris per al manteniment de la relaci\u00f3 comercial: facturaci\u00f3, enviament de publicitat postal o per correu electr\u00f2nic, servei postvenda i fidelitzaci\u00f3 (clients)<\/p><\/li><li data-start=\"1364\" data-end=\"1426\"><p data-start=\"1366\" data-end=\"1426\">Dades banc\u00e0ries: per a la domiciliaci\u00f3 de pagaments (clients)<\/p><\/li><li data-start=\"1427\" data-end=\"1544\"><p data-start=\"1429\" data-end=\"1544\">D&#8217;identificaci\u00f3: nom i cognoms, NIF, adre\u00e7a postal, tel\u00e8fons, e-mail (clients i potencials clients)<\/p><\/li><li data-start=\"1545\" data-end=\"1614\"><p data-start=\"1547\" data-end=\"1614\">Els necessaris per a la promoci\u00f3 comercial (potencials clients)<\/p><\/li><\/ul><p>Destinataris (\u201cEncarregats\u201d):<\/p><h3 data-start=\"1667\" data-end=\"1710\"><strong data-start=\"1671\" data-end=\"1710\">Termini de conservaci\u00f3 de les dades:<\/strong><\/h3><ul data-start=\"1712\" data-end=\"1873\"><li data-start=\"1712\" data-end=\"1814\"><p data-start=\"1714\" data-end=\"1814\">Els previstos per la legislaci\u00f3 fiscal respecte a la prescripci\u00f3 de responsabilitats (clients)<\/p><\/li><li data-start=\"1815\" data-end=\"1873\"><p data-start=\"1817\" data-end=\"1873\">Un any des del primer contacte (potencials clients)<\/p><\/li><\/ul><h3 data-start=\"1880\" data-end=\"1909\"><strong data-start=\"1884\" data-end=\"1909\">Conegui els seus drets:<\/strong><\/h3><ul data-start=\"1911\" data-end=\"3262\"><li data-start=\"1911\" data-end=\"2008\"><p data-start=\"1913\" data-end=\"2008\"><strong data-start=\"1913\" data-end=\"1941\">Dret a ser informat:<\/strong> saber qui, qu\u00e8, quan, per qu\u00e8 i on es tractaran les dades.<\/p><\/li><li data-start=\"2009\" data-end=\"2161\"><p data-start=\"2011\" data-end=\"2161\"><strong data-start=\"2011\" data-end=\"2033\">Dret d&#8217; acc\u00e9s:<\/strong> dret a obtenir confirmaci\u00f3 que es tractaran les seves dades; acc\u00e9s a les seves dades personals i altra informaci\u00f3 complement\u00e0ria.<\/p><\/li><li data-start=\"2162\" data-end=\"2269\"><p data-start=\"2164\" data-end=\"2269\"><strong data-start=\"2164\" data-end=\"2193\">Dret de rectificaci\u00f3:<\/strong> en cas que les seves dades personals no siguin precises o estiguin incompletes.<\/p><\/li><li data-start=\"2270\" data-end=\"2400\"><p data-start=\"2272\" data-end=\"2400\"><strong data-start=\"2272\" data-end=\"2319\">Dret de supressi\u00f3 (&#8220;dret a l&#8217;oblit&#8221;):<\/strong> dret que les seves dades personals siguin eliminades i a impedir el seu tractament.<\/p><\/li><li data-start=\"2401\" data-end=\"2500\"><p data-start=\"2403\" data-end=\"2500\"><strong data-start=\"2403\" data-end=\"2447\">Dret a la limitaci\u00f3 del tractament:<\/strong> pot sol\u00b7licitar que deixem d&#8217;utilitzar les seves dades.<\/p><\/li><li data-start=\"2501\" data-end=\"2782\"><p data-start=\"2503\" data-end=\"2782\"><strong data-start=\"2503\" data-end=\"2546\">Dret a la portabilitat de les dades:<\/strong> pot obtenir i reutilitzar les seves dades personals per a les seves pr\u00f2pies finalitats en diferents serveis (\u00e9s a dir, transferir les dades personals f\u00e0cilment d \u201cun entorn inform\u00e0tic a un altre de forma segura, sense que s\u201d impedeixi la seva utilitzaci\u00f3).<\/p><\/li><li data-start=\"2783\" data-end=\"3011\"><p data-start=\"2785\" data-end=\"3011\"><strong data-start=\"2785\" data-end=\"2810\">Dret d \u201coposici\u00f3:<\/strong> pot oposar-se al tractament basat en interessos leg\u00edtims, al m\u00e0rqueting directe o a activitats d\u201d elaboraci\u00f3 de perfils, o al tractament amb fins d \u201cinvestigaci\u00f3 i obtenci\u00f3 d\u201d estad\u00edstiques.<\/p><\/li><li data-start=\"3012\" data-end=\"3262\"><p data-start=\"3014\" data-end=\"3262\"><strong data-start=\"3014\" data-end=\"3108\">Drets en relaci\u00f3 amb la presa de decisions automatitzades i l \u201celaboraci\u00f3 de perfils:<\/strong> t\u00e9 dret a no participar en decisions automatitzades que produeixin efectes jur\u00eddics sobre vost\u00e8 o l\u201d afectin significativament de forma similar.<\/p><\/li><\/ul><p><strong>Informaci\u00f3 addicional<\/strong><\/p><h4 data-start=\"3305\" data-end=\"3435\"><strong data-start=\"3310\" data-end=\"3435\">A. \u00das i Tractament de Dades de Car\u00e0cter Personal. Exercici de Drets: Acc\u00e9s, Rectificaci\u00f3, Cancel\u00b7laci\u00f3 i Oposici\u00f3 <\/strong><\/h4><p data-start=\"3437\" data-end=\"3790\">L&#8217; \u00fas dels serveis de alquilerviviendavacacional.com suposa l&#8217; acceptaci\u00f3 expressa de la nostra Pol\u00edtica de Privacitat, que regula el tractament de la informaci\u00f3, de les claus d&#8217; acc\u00e9s al servei, si s&#8217; escau, i les mesures de seguretat implantades que eviten l&#8217; acc\u00e9s, modificaci\u00f3 o eliminaci\u00f3 dels nostres fitxers per persones no autoritzades.<\/p><p data-start=\"3792\" data-end=\"4104\">Les seves dades s \u201cincorporen a un fitxer, propietat de JOSE JAVIER CASTELLS VENTURA, inscrit davant el Registre General de Protecci\u00f3 de Dades de l\u201d Ag\u00e8ncia Espanyola de Protecci\u00f3 de Dades, amb la finalitat de gestionar el seu proc\u00e9s de subscripci\u00f3 i remetre-li informaci\u00f3 comercial sobre els nostres productes i serveis.<\/p><p data-start=\"4106\" data-end=\"4304\">Per exercir els seus drets d&#8217;acc\u00e9s, rectificaci\u00f3 i cancel\u00b7laci\u00f3, per favor dir\u00edeu per correu postal a: C\/HABANA, N\u00ba26, 43580 DELTEBRE (TARRAGONA)<br data-start=\"4254\" data-end=\"4257\">o per correu electr\u00f2nic: <a class=\"cursor-pointer\" rel=\"noopener\" data-start=\"4283\" data-end=\"4304\">deltarelax2@gmail.com<\/a><\/p><p data-start=\"4306\" data-end=\"4943\"><a class=\"\" href=\"http:\/\/www.deltarelax.com\" target=\"_new\" rel=\"noopener\" data-start=\"4306\" data-end=\"4324\">www.deltarelax.com<\/a> pot recopilar informaci\u00f3 personal quan vost\u00e8 utilitza els serveis o visita les p\u00e0gines de <a class=\"\" href=\"http:\/\/www.deltarelax.com\" target=\"_new\" rel=\"noopener\" data-start=\"4421\" data-end=\"4439\">www.deltarelax.com<\/a> o p\u00e0gines relacionades amb el contingut ofert dins de <a class=\"\" href=\"http:\/\/www.deltarelax.com\" target=\"_new\" rel=\"noopener\" data-start=\"4499\" data-end=\"4517\">www.deltarelax.com<\/a>. <a class=\"\" href=\"http:\/\/www.deltarelax.com\" target=\"_new\" rel=\"noopener\" data-start=\"4519\" data-end=\"4537\">www.deltarelax.com<\/a> pot combinar la informaci\u00f3 registrada amb aquella recollida per empreses col\u00b7laboradores. En aquest \u00faltim cas, <a class=\"\" href=\"http:\/\/www.deltarelax.com\" target=\"_new\" rel=\"noopener\" data-start=\"4649\" data-end=\"4667\">www.deltarelax.com<\/a> li notificar\u00e0 la recepci\u00f3 de la informaci\u00f3 i li enviar\u00e0 una c\u00f2pia d&#8217; aquesta Pol\u00edtica de Privacitat per tal que manifesti si desitja romandre en els nostres fitxers, encara que no ser\u00e0 responsable dels tractaments anteriors realitzats per tercers aliens a <a class=\"\" href=\"http:\/\/www.deltarelax.com\" target=\"_new\" rel=\"noopener\" data-start=\"4924\" data-end=\"4942\">www.deltarelax.com<\/a>. <\/p><p data-start=\"4945\" data-end=\"5535\">Quan es registri, li demanarem informaci\u00f3 com el seu nom, cognoms, adre\u00e7a f\u00edsica i de correu electr\u00f2nic i una contrasenya d \u201cacc\u00e9s, si s\u201d escau. Aix\u00ed mateix, recollim informaci\u00f3 sobre les transaccions que realitza amb nosaltres i de l \u201c\u00fas dels serveis que oferim, incloent les consultes o suggeriments rebuts a trav\u00e9s de la nostra p\u00e0gina de contacte o les notificacions d\u201d abusos de copyright, registrant les activitats en els logs dels nostres servidors i deixant const\u00e0ncia de la configuraci\u00f3 del seu navegador i adre\u00e7a IP des de la qual accedeix i les p\u00e0gines sol\u00b7licitades. <\/p><p data-start=\"5537\" data-end=\"5825\">El servei web utilitza cookies per al seu funcionament, per mantenir la sessi\u00f3 i personalitzar l&#8217;experi\u00e8ncia de l&#8217;usuari, aix\u00ed com per recopilar estad\u00edstiques an\u00f2nimes d&#8217;\u00fas de la web. Pot consultar informaci\u00f3 m\u00e9s detallada en la nostra pol\u00edtica de cookies que es detalla m\u00e9s endavant. <\/p><p data-start=\"5827\" data-end=\"6011\">Els Usuaris, mitjan\u00e7ant la marcaci\u00f3 de la casella, accepten expressament i lliurement que les seves dades personals siguin tractades per part del Prestador per realitzar les seg\u00fcents finalitats:<\/p><ul data-start=\"6013\" data-end=\"6616\"><li data-start=\"6013\" data-end=\"6171\"><p data-start=\"6015\" data-end=\"6171\">Per poder tramitar els nostres serveis de venda de productes i serveis, atenci\u00f3 al client per a consultes, dubtes, suggeriments o soluci\u00f3 de conflictes.<\/p><\/li><li data-start=\"6172\" data-end=\"6464\"><p data-start=\"6174\" data-end=\"6464\">Per poder contactar amb vost\u00e8 en cas d&#8217;incid\u00e8ncies tant pel que fa a les seves dades personals com possibles incid\u00e8ncies relacionades amb l&#8217;\u00fas dels serveis contractats, analitzar estad\u00edstiques d&#8217;\u00fas i consulta, i proveir informes anonimitzats tant interns com per a clients externs.<\/p><\/li><li data-start=\"6465\" data-end=\"6579\"><p data-start=\"6467\" data-end=\"6579\">Per poder enviar-li comunicacions, butlletins o newsletters sobre les nostres activitats, productes o serveis.<\/p><\/li><li data-start=\"6580\" data-end=\"6616\"><p data-start=\"6582\" data-end=\"6616\">Per millorar els nostres serveis.<\/p><\/li><\/ul><p data-start=\"6618\" data-end=\"6756\">Totes aquestes dades s\u00f3n necess\u00e0ries per a la gesti\u00f3 dels serveis esmentats, sense les quals no podr\u00edem dur-les a terme adequadament.<\/p><p data-start=\"6758\" data-end=\"7147\">El tractament de les esmentades dades personals es regir\u00e0 pel que disposa la legislaci\u00f3 espanyola (actualment, la Llei Org\u00e0nica 15\/1999, de 13 de desembre, de Protecci\u00f3 de Dades de Car\u00e0cter Personal i la seva normativa de desenvolupament i, a partir del 25 de maig de 2018, pel RGPD), sense que, fora dels casos legalment establerts,  vagin a ser cedits a tercers sense el seu consentiment.<\/p><p data-start=\"7149\" data-end=\"7381\">En qualsevol cas, podr\u00e0 dirigir-se a nosaltres sol\u00b7licitant l&#8217;acc\u00e9s, rectificaci\u00f3, oposici\u00f3 o cancel\u00b7laci\u00f3 respecte a les seves dades que constin en els nostres fitxers, amb les condicions i l\u00edmits establerts en la normativa aplicable.<\/p><p data-start=\"7383\" data-end=\"7717\">Els subsistemes inform\u00e0tics per a l&#8217; emmagatzematge de dades utilitzats per <a class=\"\" href=\"http:\/\/www.deltarelax.com\" target=\"_new\" rel=\"noopener\" data-start=\"7459\" data-end=\"7477\">www.deltarelax.com<\/a> poden estar subcontractats a empreses prove\u00efdores de serveis inform\u00e0tics situades a Europa o als Estats Units, i subjectes per tant a la normativa sobre protecci\u00f3 de dades de les legislacions corresponents en cada cas i moment.<\/p><h4 data-start=\"7724\" data-end=\"7756\"><strong data-start=\"7729\" data-end=\"7756\">B. Mesures de Seguretat<\/strong><\/h4><p data-start=\"7758\" data-end=\"8244\">L \u201cinformem que <a class=\"\" href=\"http:\/\/www.deltarelax.com\" target=\"_new\" rel=\"noopener\" data-start=\"7776\" data-end=\"7794\">www.deltarelax.com<\/a> ha implantat les mesures de seguretat d\u201d \u00edndole t\u00e8cnica i organitzativa necess\u00e0ries per garantir la seguretat de les seves dades de car\u00e0cter personal i evitar la seva alteraci\u00f3, p\u00e8rdua, tractament i\/o acc\u00e9s no autoritzat, tenint en compte l \u201cestat de la tecnologia, la naturalesa de les dades emmagatzemades i els riscos als quals estan exposats,  ja provinguin de l\u201d acci\u00f3 humana o del medi f\u00edsic o natural. Tot aix\u00f2 conforme a la normativa vigent. <\/p><p data-start=\"8246\" data-end=\"8558\">Aix\u00ed mateix, alquilerviviendavacacional.com ha establert mesures addicionals per refor\u00e7ar la confidencialitat i integritat de la informaci\u00f3 en la seva organitzaci\u00f3. Aquestes entitats mantenen de forma cont\u00ednua la supervisi\u00f3, control i avaluaci\u00f3 dels processos per assegurar el respecte a la privacitat de les dades. <\/p><h4 data-start=\"8565\" data-end=\"8584\"><strong data-start=\"8570\" data-end=\"8584\">C. Enlla\u00e7os<\/strong><\/h4><p data-start=\"8586\" data-end=\"9122\">Com un servei als nostres visitants, el nostre lloc web pot incloure enlla\u00e7os a altres llocs que no s\u00f3n operats o controlats per <a class=\"\" href=\"http:\/\/www.deltarelax.com\" target=\"_new\" rel=\"noopener\" data-start=\"8719\" data-end=\"8737\">www.deltarelax.com<\/a>. Per aix\u00f2, <a class=\"\" href=\"http:\/\/www.deltarelax.com\" target=\"_new\" rel=\"noopener\" data-start=\"8749\" data-end=\"8767\">www.deltarelax.com<\/a> no garanteix ni es fa responsable de la legalitat, fiabilitat, utilitat, veracitat i actualitat dels continguts d&#8217;aquests llocs web o de les seves pr\u00e0ctiques de privacitat. Per favor, abans de proporcionar la seva informaci\u00f3 personal a aquests llocs web aliens a <a class=\"\" href=\"http:\/\/www.deltarelax.com\" target=\"_new\" rel=\"noopener\" data-start=\"9023\" data-end=\"9041\">www.deltarelax.com<\/a>, tingui en compte que les seves pr\u00e0ctiques de privacitat poden diferir de les nostres.  <\/p><h4 data-start=\"9129\" data-end=\"9157\"><strong data-start=\"9134\" data-end=\"9157\">D. \u00das de \u201cCookies\u201d<\/strong><\/h4><p data-start=\"9159\" data-end=\"9221\">Les cookies que utilitza <a class=\"\" href=\"http:\/\/www.deltarelax.com\" target=\"_new\" rel=\"noopener\" data-start=\"9183\" data-end=\"9201\">www.deltarelax.com<\/a> s\u00f3n les seg\u00fcents:<\/p><p>_ga <br>VALOR: GA1.2.905963969.1522233829<\/p><p>_gat <br>VALOR: 1<\/p><p>_gid <br>VALOR: GA1.2.688645040.1522233829<\/p><p>tl_5317_5317_17 <br>VALOR: a%3A1%3A%7Bs%3A6%3A%* 22log_aneu%22%* 3Bi%3A1147%3B% 7D<\/p><p>tve_*leads_*unique <br>VALOR: 1<\/p><p>Data_5a58ec72a9e3471b4388ac28 <br>VALOR: 5a58ec72a9e3471b4388ac28%*3A5abb71e5d2cfec618cd96ca0%3A% 230<\/p><p>FeVw <br>VALOR: 5a58ec72a9e3471b4388ac28<\/p><p>TZ <br>VALOR: -120<\/p><p>connect.sid <br>VALOR: s%3A2pbRFWW8k-*iwXofeCvoyG1j2QIPKJ6tL.29nveEye3rX%*2FUY1NtHlC3QuNkbahR7PJ1he42nfDv88<\/p><p>io <br>VALOR: D2issy7A_*kmsezpKAASx<\/p><h4 data-start=\"9746\" data-end=\"9799\"><strong data-start=\"9751\" data-end=\"9799\">E. Modificaci\u00f3 de la Pol\u00edtica de Privacitat<\/strong><\/h4><p data-start=\"9801\" data-end=\"10223\"><a class=\"\" href=\"http:\/\/www.deltarelax.com\" target=\"_new\" rel=\"noopener\" data-start=\"9801\" data-end=\"9819\">www.deltarelax.com<\/a> es reserva el dret a modificar la seva Pol\u00edtica de Privacitat, conforme al seu propi criteri, o motivat per un canvi legislatiu, jurisprudencial o doctrinal de l \u201cAg\u00e8ncia Espanyola de Protecci\u00f3 de Dades. Qualsevol modificaci\u00f3 de la Pol\u00edtica de Privacitat ser\u00e0 publicada almenys deu dies abans de la seva efectiva aplicaci\u00f3. L\u201d \u00fas del lloc web despr\u00e9s d \u201caquests canvis implicar\u00e0 l\u201d acceptaci\u00f3 dels mateixos.  <\/p>\t\t\t\t\t\t\t\t<\/div>\n\t\t\t\t<\/div>\n\t\t\t\t\t<\/div>\n\t\t<\/div>\n\t\t\t\t\t<\/div>\n\t\t<\/section>\n\t\t\t\t<\/div>\n\t\t","protected":false},"excerpt":{"rendered":"<p>Condicions i Pol\u00edtica de Privacitat L \u201cobjectiu de la Pol\u00edtica de Privacitat \u00e9s protegir la informaci\u00f3 a Internet i les dades que l\u201d usuari pugui introduir al web. JOSE JAVIER CASTELLS VENTURA, amb DNI 40929568-X, com a responsable del present lloc web www.deltarelax.com, ha adaptat el mateix a les exig\u00e8ncies de la normativa vigent en &#8230; <a title=\"Pol\u00edtica de Privacitat\" class=\"read-more\" href=\"https:\/\/deltarelax.com\/ca\/politica-de-privacitat\/\" aria-label=\"M\u00e9s informaci\u00f3 sobre Pol\u00edtica de Privacitat\">Llegiu m\u00e9s<\/a><\/p>\n","protected":false},"author":1,"featured_media":0,"parent":0,"menu_order":0,"comment_status":"closed","ping_status":"closed","template":"elementor_header_footer","meta":{"_glsr_average":0,"_glsr_ranking":0,"_glsr_reviews":0,"_joinchat":[],"footnotes":""},"class_list":["post-1169","page","type-page","status-publish"],"_links":{"self":[{"href":"https:\/\/deltarelax.com\/ca\/wp-json\/wp\/v2\/pages\/1169","targetHints":{"allow":["GET"]}}],"collection":[{"href":"https:\/\/deltarelax.com\/ca\/wp-json\/wp\/v2\/pages"}],"about":[{"href":"https:\/\/deltarelax.com\/ca\/wp-json\/wp\/v2\/types\/page"}],"author":[{"embeddable":true,"href":"https:\/\/deltarelax.com\/ca\/wp-json\/wp\/v2\/users\/1"}],"replies":[{"embeddable":true,"href":"https:\/\/deltarelax.com\/ca\/wp-json\/wp\/v2\/comments?post=1169"}],"version-history":[{"count":1,"href":"https:\/\/deltarelax.com\/ca\/wp-json\/wp\/v2\/pages\/1169\/revisions"}],"predecessor-version":[{"id":1171,"href":"https:\/\/deltarelax.com\/ca\/wp-json\/wp\/v2\/pages\/1169\/revisions\/1171"}],"wp:attachment":[{"href":"https:\/\/deltarelax.com\/ca\/wp-json\/wp\/v2\/media?parent=1169"}],"curies":[{"name":"wp","href":"https:\/\/api.w.org\/{rel}","templated":true}]}}